{"id":4126,"date":"2014-06-16T23:13:55","date_gmt":"2014-06-16T21:13:55","guid":{"rendered":"http:\/\/192.168.1.66\/dev\/superflex\/?page_id=4126"},"modified":"2021-11-22T14:01:27","modified_gmt":"2021-11-22T12:01:27","slug":"home-landing","status":"publish","type":"page","link":"https:\/\/www.alarm-info-center.at\/v1\/","title":{"rendered":"Home Landing"},"content":{"rendered":"<div class=\"page-section content-full padding-small bg-image bg-parallax\" style=\"background-image:url(https:\/\/www.alarm-info-center.at\/v1\/wp-content\/uploads\/2014\/11\/showimage2.jpg);\" data-type=\"background\" data-speed=\"3\"><div class=\"container\"><div class=\"section-content\">\n\t\t\t<div><h1 class=\"md-heading textaligncenter\" style=\"color:#ffffff; font-size:46px; line-height:46px; font-weight:600;\">ALARM-INFO-CENTER<\/h1><h2 class=\"md-heading textaligncenter\" style=\"color:#ffffff; font-size:24px; line-height:24px; font-weight:600;\">Die neue Feuerwehr-Einsatzanzeige<\/h2><h2 class=\"md-heading textaligncenter\" style=\"color:#ffffff; font-size:24px; line-height:24px; font-weight:600;\">Kostenfrei zum Download f\u00fcr alle Feuerwehren<\/h2>\n\t\t\t<div class=\"row center-div\">\n\t\t\t<div class=\"col-md-12\"><img decoding=\"async\" src=\"https:\/\/www.alarm-info-center.at\/v1\/wp-content\/uploads\/2014\/06\/alarm_fire.jpg\" class=\"md-single-image center-image\" alt=\"\" \/>\n\t\t\t<\/div>\n\t\t\t<\/div>\n\t\t\t<\/div><\/div><\/div><\/div><div class=\"page-section content-full padding-no bg-custom-color arrow-down\" style=\"background-color:#ededed;\"><div class=\"container\"><div class=\"section-arrow-left\" style=\"border-top-color:#ededed; border-bottom-color:#ededed; border-left-color:#ededed;\"><\/div><div class=\"section-arrow-right\" style=\"border-top-color:#ededed; border-bottom-color:#ededed; border-right-color:#ededed;\"><\/div><div class=\"section-content\">\n\t\t\t<div class=\"textaligncenter\"><h1 class=\"md-heading\">Kostenfrei herunterladen &#8211; Karte wird nun wieder angezeigt (17.10.2022)<br \/>.NET 4.8 und WebView2 wird ben\u00f6tigt (siehe Anleitung)<\/h1><a href=\"https:\/\/www.alarm-info-center.at\/download\/AlarmInfoCenter.zip\" class=\"md-button medium style-1 with-icon\" style=\"background-color:#2c21ff; border-color:#2c21ff; color:#ffffff;\" data-color=\"#ffffff\" data-color-hover=\"#ffffff\"><span class=\"lbl\"><\/span><i class=\"icon-download-alt\"><\/i>Herunterladen<\/a><div class=\"md-text-block\">Bitte beachte die <a title=\"Anleitung\" href=\"http:\/\/www.alarm-info-center.at\/v1\/anleitung\/\">Anleitung<\/a>\u00a0um das Programm problemlos ausf\u00fchren zu k\u00f6nnen.<\/div>\n\t\t\t<\/div><\/div><\/div><\/div><div class=\"page-section content-fixed padding-small bg-custom-color\" style=\"background-color:#ffffff;\"><div class=\"container\"><div class=\"section-content\">\n\t\t\t<div><div class=\"md-special-heading style-1 dark\"><span style=\"font-size:32px; line-height:32px; font-weight:bold; color:#1e2733;\">Die Funktionen im \u00dcberlick<\/span><\/div>\n\t\t\t<div class=\"row\">\n\t\t\t<div class=\"col-md-6\"><div class=\"md-lightbox image\"><span class=\"mask\"><a href=\"https:\/\/www.alarm-info-center.at\/v1\/wp-content\/uploads\/2014\/11\/2alarms_large-1024x640.jpg\" class=\"fancybox\" title=\"\"><\/a><\/span><img decoding=\"async\" src=\"https:\/\/www.alarm-info-center.at\/v1\/wp-content\/uploads\/2014\/11\/2alarms_small.jpg\" alt=\"\" \/><\/div>\n\t\t\t<\/div>\n\t\t\t<div class=\"col-md-6\"><div class=\"md-box-icon align-left simple-icon\"><div class=\"md-icon style-normal\"><i class=\"icon-star\" style=\"color:#16a085;\"><\/i><\/div><div class=\"box-text\"><div style=\"margin-top: 30px;\"><\/div>\n<h4>\u00dcBERSICHTLICHE ANZEIGE DER EINSATZDATEN<\/h4>\n<p style=\"text-align: justify;\">S\u00e4mtliche wichtige Informationen f\u00fcr die Erstphase eines Einsatzes, wie Einsatzgrund, Einsatzort und relevante Zusatzinformationen seitens der alarmierenden Stelle werden gro\u00df angezeigt. Zus\u00e4tzliche Informationen (Alarmstufe, Anrufer,&#8230;) werden kleiner dargestellt. Durch eine Animation wird au\u00dferdem angezeigt, ob der Alarm bereits quittiert wurde (F5 am WAS).<\/p>\n<\/div><\/div><div class=\"clearfix\"><\/div>\n\t\t\t<\/div>\n\t\t\t<\/div>\n\t\t\t<\/div><\/div><\/div><\/div><div class=\"page-section content-fixed padding-small bg-custom-color\" style=\"background-color:#ffffff;\"><div class=\"container\"><div class=\"section-content\">\n\t\t\t<div>\n\t\t\t<div class=\"row\">\n\t\t\t<div class=\"col-md-6\"><div class=\"md-box-icon align-left simple-icon\"><div class=\"md-icon style-normal\"><i class=\"icon-star\" style=\"color:#16a085;\"><\/i><\/div><div class=\"box-text\"><div style=\"margin-top: 30px;\"><\/div>\n<h4>GRAFISCHE DARSTELLUNG DER ANFAHRTSROUTE<\/h4>\n<p style=\"text-align: justify;\">Die Fahrtroute vom Feuerwehrhaus zum Einsatzort wird auf einer Google Maps Karte grafisch dargestellt. Somit ersparen sich die Einsatzkr\u00e4fte das langwierige Suchen von Adressen bei unbekannten Stra\u00dfennamen. Der Einsatzort wird punktgenau angezeigt, sofern seitens der alarmierenden Stelle Stra\u00dfe und Hausnummer angegeben wurden.<\/p>\n<\/div><\/div><div class=\"clearfix\"><\/div>\n\t\t\t<\/div>\n\t\t\t<div class=\"col-md-6\"><div class=\"md-lightbox image\"><span class=\"mask\"><a href=\"https:\/\/www.alarm-info-center.at\/v1\/wp-content\/uploads\/2014\/11\/alarm_technical_large-1024x640.jpg\" class=\"fancybox\" title=\"\"><\/a><\/span><img decoding=\"async\" src=\"https:\/\/www.alarm-info-center.at\/v1\/wp-content\/uploads\/2014\/11\/alarm_technical_small.jpg\" alt=\"\" \/><\/div>\n\t\t\t<\/div>\n\t\t\t<\/div>\n\t\t\t<\/div><\/div><\/div><\/div><div class=\"page-section content-fixed padding-small bg-custom-color\" style=\"background-color:#ffffff;\"><div class=\"container\"><div class=\"section-content\">\n\t\t\t<div>\n\t\t\t<div class=\"row\">\n\t\t\t<div class=\"col-md-6\"><div class=\"md-lightbox image\"><span class=\"mask\"><a href=\"https:\/\/www.alarm-info-center.at\/v1\/wp-content\/uploads\/2014\/06\/print_fire_large-1024x713.png\" class=\"fancybox\" title=\"\"><\/a><\/span><img decoding=\"async\" src=\"https:\/\/www.alarm-info-center.at\/v1\/wp-content\/uploads\/2014\/11\/print_fire_small-555x350.jpg\" alt=\"\" \/><\/div>\n\t\t\t<\/div>\n\t\t\t<div class=\"col-md-6\"><div class=\"md-box-icon align-left simple-icon\"><div class=\"md-icon style-normal\"><i class=\"icon-star\" style=\"color:#16a085;\"><\/i><\/div><div class=\"box-text\"><div style=\"margin-top: 30px;\"><\/div>\n<h4>AUSDRUCK<\/h4>\n<p style=\"text-align: justify;\">Zu jedem Einsatz k\u00f6nnen die Alarmdaten auch ausgedruckt werden. Dies geschieht entweder automatisch oder manuell. Auf der ersten Seite sind, wie auf der Bildschirmanzeige, die Einsatzdaten und die Anfahrtsroute ersichtlich. Auf der zweiten Seite wird eine Detailkarte des Einsatzortes angezeigt, welche auch umliegende Wasserentnahmestellen enth\u00e4lt, sofern eine Anbindung an <a title=\"wasserkarte.info\" href=\"http:\/\/wasserkarte.info\" target=\"_blank\" rel=\"noopener\">wasserkarte.info<\/a> eingerichtet wurde (<a title=\"Anleitung\" href=\"http:\/\/www.alarm-info-center.at\/anleitung\/\">siehe Anleitung<\/a>). Die Darstellung der Karte (Stra\u00dfe, Satellit, Hybrid) ist frei konfigurierbar.<\/p>\n<\/div><\/div><div class=\"clearfix\"><\/div>\n\t\t\t<\/div>\n\t\t\t<\/div>\n\t\t\t<\/div><\/div><\/div><\/div><div class=\"page-section content-fixed padding-small bg-custom-color\" style=\"background-color:#ffffff;\"><div class=\"container\"><div class=\"section-content\">\n\t\t\t<div>\n\t\t\t<div class=\"row\">\n\t\t\t<div class=\"col-md-6\"><div class=\"md-box-icon align-left simple-icon\"><div class=\"md-icon style-normal\"><i class=\"icon-star\" style=\"color:#16a085;\"><\/i><\/div><div class=\"box-text\"><div style=\"margin-top: 30px;\"><\/div>\n<h4>INFO-CENTER<\/h4>\n<p style=\"text-align: justify;\">Solange kein Einsatz vorliegt, zeigt AIC frei konfigurierbare Texte und Bilder an. Somit k\u00f6nnen Neuigkeiten in der Feuerwehr \u00e4hnlich einem Bildschirmschoner dargestellt werden. Die Daten werden \u00fcber definierte XML-Schnittstelle bereitgestellt und k\u00f6nnen sowohl im lokalen Netzwerk als auch \u00fcber das Internet bezogen werden.<\/p>\n<\/div><\/div><div class=\"clearfix\"><\/div>\n\t\t\t<\/div>\n\t\t\t<div class=\"col-md-6\"><div class=\"md-lightbox image\"><span class=\"mask\"><a href=\"https:\/\/www.alarm-info-center.at\/v1\/wp-content\/uploads\/2014\/11\/infocenter_large-1024x640.jpg\" class=\"fancybox\" title=\"\"><\/a><\/span><img decoding=\"async\" src=\"https:\/\/www.alarm-info-center.at\/v1\/wp-content\/uploads\/2014\/11\/infocenter_small.jpg\" alt=\"\" \/><\/div>\n\t\t\t<\/div>\n\t\t\t<\/div>\n\t\t\t<\/div><\/div><\/div><\/div><div class=\"page-section content-fixed padding-small bg-default\" style=\"\"><div class=\"container\"><div class=\"section-content\">\n\t\t\t<div>\n\t\t\t<div class=\"row\">\n\t\t\t<div class=\"col-md-12\" style=\" background-color:rgba(255, 255, 255, 1);\"><h2 class=\"md-heading textaligncenter\">Mit freundlicher Unterst\u00fctzung von<\/h2><div class=\"clearfix\" style=\"height:20px\"><\/div>\n\t\t\t<\/div>\n\t\t\t<\/div>\n\t\t\t<div class=\"row\">\n\t\t\t<div class=\"col-md-4\">\n\t\t\t<\/div>\n\t\t\t<div class=\"col-md-4\"><div class=\"md-clients client-item\"><div class=\"row\"><div class=\"col-md-6 item\"><div class=\"md-client\"><a href=\"http:\/\/www.feuerwehr-marchtrenk.at\/\" target=\"_blank\"><img loading=\"lazy\" decoding=\"async\" width=\"90\" height=\"75\" src=\"https:\/\/www.alarm-info-center.at\/v1\/wp-content\/uploads\/2014\/11\/ffm-e1414949337390.png\" class=\"attachment-full size-full wp-post-image\" alt=\"\" \/><\/a><\/div><\/div><div class=\"col-md-6 item\"><div class=\"md-client\"><a href=\"http:\/\/www.wasserkarte.info\/\" target=\"_blank\"><img loading=\"lazy\" decoding=\"async\" width=\"211\" height=\"75\" src=\"https:\/\/www.alarm-info-center.at\/v1\/wp-content\/uploads\/2014\/11\/logo_wasserkarte_info.jpg\" class=\"attachment-full size-full wp-post-image\" alt=\"\" \/><\/a><\/div><\/div><\/div><\/div>\n\t\t\t<\/div>\n\t\t\t<div class=\"col-md-4\">\n\t\t\t<\/div>\n\t\t\t<\/div>\n\t\t\t<\/div><\/div><\/div><\/div>\n","protected":false},"excerpt":{"rendered":"ALARM-INFO-CENTERDie neue Feuerwehr-EinsatzanzeigeKostenfrei zum Download f\u00fcr alle Feuerwehren Kostenfrei herunterladen - Karte wird nun wieder angezeigt (17.10.2022).NET 4.8 und WebView2 wird ben\u00f6tigt (siehe Anleitung)HerunterladenBitte beachte die Anleitung\u00a0um das Programm problemlos ausf\u00fchren zu k\u00f6nnen. Die Funktionen im \u00dcberlick \u00dcBERSICHTLICHE ANZEIGE DER EINSATZDATEN S\u00e4mtliche wichtige Informationen f\u00fcr die Erstphase eines Einsatzes, wie Einsatzgrund, Einsatzort und relevante Zusatzinformationen [...]","protected":false},"author":1,"featured_media":0,"parent":0,"menu_order":0,"comment_status":"closed","ping_status":"closed","template":"","meta":{"footnotes":""},"class_list":["post-4126","page","type-page","status-publish","hentry"],"_links":{"self":[{"href":"https:\/\/www.alarm-info-center.at\/v1\/wp-json\/wp\/v2\/pages\/4126","targetHints":{"allow":["GET"]}}],"collection":[{"href":"https:\/\/www.alarm-info-center.at\/v1\/wp-json\/wp\/v2\/pages"}],"about":[{"href":"https:\/\/www.alarm-info-center.at\/v1\/wp-json\/wp\/v2\/types\/page"}],"author":[{"embeddable":true,"href":"https:\/\/www.alarm-info-center.at\/v1\/wp-json\/wp\/v2\/users\/1"}],"replies":[{"embeddable":true,"href":"https:\/\/www.alarm-info-center.at\/v1\/wp-json\/wp\/v2\/comments?post=4126"}],"version-history":[{"count":139,"href":"https:\/\/www.alarm-info-center.at\/v1\/wp-json\/wp\/v2\/pages\/4126\/revisions"}],"predecessor-version":[{"id":5222,"href":"https:\/\/www.alarm-info-center.at\/v1\/wp-json\/wp\/v2\/pages\/4126\/revisions\/5222"}],"wp:attachment":[{"href":"https:\/\/www.alarm-info-center.at\/v1\/wp-json\/wp\/v2\/media?parent=4126"}],"curies":[{"name":"wp","href":"https:\/\/api.w.org\/{rel}","templated":true}]}}